{"id":18682,"date":"2021-04-12T10:12:35","date_gmt":"2021-04-12T08:12:35","guid":{"rendered":"https:\/\/www.fruehauf.com\/?page_id=18682"},"modified":"2021-06-07T15:57:12","modified_gmt":"2021-06-07T13:57:12","slug":"service-pro-registration-request","status":"publish","type":"page","link":"https:\/\/www.fruehauf.com\/en\/service-pro-registration-request\/","title":{"rendered":"Service Pro Registration Request"},"content":{"rendered":"<p><div class=\"fusion-fullwidth fullwidth-box fusion-builder-row-1 fusion-flex-container nonhundred-percent-fullwidth non-hundred-percent-height-scrolling\" style=\"--awb-border-radius-top-left:0px;--awb-border-radius-top-right:0px;--awb-border-radius-bottom-right:0px;--awb-border-radius-bottom-left:0px;--awb-padding-top:20px;--awb-padding-bottom:20px;--awb-flex-wrap:wrap;\" ><div class=\"fusion-builder-row fusion-row fusion-flex-align-items-flex-start fusion-flex-content-wrap\" style=\"max-width:1216.8px;margin-left: calc(-4% \/ 2 );margin-right: calc(-4% \/ 2 );\"><div class=\"fusion-layout-column fusion_builder_column fusion-builder-column-0 fusion_builder_column_1_6 1_6 fusion-flex-column\" style=\"--awb-bg-size:cover;--awb-width-large:16.666666666667%;--awb-margin-top-large:15px;--awb-spacing-right-large:11.52%;--awb-margin-bottom-large:15px;--awb-spacing-left-large:11.52%;--awb-width-medium:16.666666666667%;--awb-spacing-right-medium:11.52%;--awb-spacing-left-medium:11.52%;--awb-width-small:100%;--awb-spacing-right-small:1.92%;--awb-spacing-left-small:1.92%;\"><div class=\"fusion-column-wrapper fusion-flex-justify-content-flex-start fusion-content-layout-column\"><\/div><\/div><div class=\"fusion-layout-column fusion_builder_column fusion-builder-column-1 fusion_builder_column_2_3 2_3 fusion-flex-column\" style=\"--awb-padding-top:15px;--awb-padding-right:15px;--awb-padding-bottom:15px;--awb-padding-left:15px;--awb-bg-color:rgba(0,105,180,0.1);--awb-bg-color-hover:rgba(0,105,180,0.1);--awb-bg-size:cover;--awb-border-color:#d2232a;--awb-border-top:3px;--awb-border-style:solid;--awb-width-large:66.666666666667%;--awb-margin-top-large:15px;--awb-spacing-right-large:2.88%;--awb-margin-bottom-large:15px;--awb-spacing-left-large:2.88%;--awb-width-medium:66.666666666667%;--awb-spacing-right-medium:2.88%;--awb-spacing-left-medium:2.88%;--awb-width-small:100%;--awb-spacing-right-small:1.92%;--awb-spacing-left-small:1.92%;\"><div class=\"fusion-column-wrapper fusion-flex-justify-content-flex-start fusion-content-layout-column\"><div class=\"fusion-text fusion-text-1\">\n                <div class='gf_browser_gecko gform_wrapper' id='gform_wrapper_21' style='display:none'><form method='post' enctype='multipart\/form-data'  id='gform_21'  action='\/en\/wp-json\/wp\/v2\/pages\/18682'>\n                        <div class='gform_heading'>\n                            <h3 class='gform_title'>Service Pro Registration Request<\/h3>\n                            <span class='gform_description'>In order to register on our spare parts portal, please complete this form.<\/span>\n                        <\/div>\n                        <div class='gform_body'><ul id='gform_fields_21' class='gform_fields top_label form_sublabel_below description_above'><li id='field_21_16'  class='gfield gf_list_height_100 gf_list_inline gfield_contains_required field_sublabel_below field_description_above gfield_visibility_visible' ><label class='gfield_label' for='input_21_16' >You are<span class='gfield_required'>*<\/span><\/label><div class='ginput_container ginput_container_select'><select name='input_16' id='input_21_16' class='large gfield_select'   aria-required=\"true\" aria-invalid=\"false\"><option value='' selected='selected' class='gf_placeholder'>You are<\/option><option value='Transporter' >Transporter<\/option><option value='Service Centres' >Service Centres<\/option><\/select><\/div><\/li><li id='field_21_1'  class='gfield gf_left_half gfield_contains_required field_sublabel_below field_description_above gfield_visibility_visible' ><label class='gfield_label' for='input_21_1' >LAST NAME :<span class='gfield_required'>*<\/span><\/label><div class='ginput_container ginput_container_text'><input name='input_1' id='input_21_1' type='text' value='' class='medium'     aria-required=\"true\" aria-invalid=\"false\" \/><\/div><\/li><li id='field_21_2'  class='gfield gf_right_half gfield_contains_required field_sublabel_below field_description_above gfield_visibility_visible' ><label class='gfield_label' for='input_21_2' >FIRST NAME :<span class='gfield_required'>*<\/span><\/label><div class='ginput_container ginput_container_text'><input name='input_2' id='input_21_2' type='text' value='' class='medium'     aria-required=\"true\" aria-invalid=\"false\" \/><\/div><\/li><li id='field_21_3'  class='gfield gfield_contains_required field_sublabel_below field_description_above gfield_visibility_visible' ><label class='gfield_label' for='input_21_3' >COMPANY :<span class='gfield_required'>*<\/span><\/label><div class='ginput_container ginput_container_text'><input name='input_3' id='input_21_3' type='text' value='' class='medium'     aria-required=\"true\" aria-invalid=\"false\" \/><\/div><\/li><li id='field_21_13'  class='gfield gfield_contains_required field_sublabel_above field_description_above gfield_visibility_visible' ><label class='gfield_label gfield_label_before_complex'  >Contact details<span class='gfield_required'>*<\/span><\/label>    \n                    <div class='ginput_complex ginput_container has_street has_city has_zip ginput_container_address' id='input_21_13' >\n                         <span class='ginput_full address_line_1' id='input_21_13_1_container' >\n                                        <label for='input_21_13_1' id='input_21_13_1_label' >Street Address<\/label>\n                                        <input type='text' name='input_13.1' id='input_21_13_1' value=''    aria-required=\"true\"\/>\n                                    <\/span><span class='ginput_left address_city' id='input_21_13_3_container' >\n                                    <label for='input_21_13_3' id='input_21_13_3_label' >City<\/label>\n                                    <input type='text' name='input_13.3' id='input_21_13_3' value=''    aria-required=\"true\"\/>\n                                 <\/span><input type='hidden' class='gform_hidden' name='input_13.4' id='input_21_13_4' value=''\/><span class='ginput_right address_zip' id='input_21_13_5_container' >\n                                    <label for='input_21_13_5' id='input_21_13_5_label' >ZIP \/ Postal Code<\/label>\n                                    <input type='text' name='input_13.5' id='input_21_13_5' value=''    aria-required=\"true\"\/>\n                                <\/span><input type='hidden' class='gform_hidden' name='input_13.6' id='input_21_13_6' value=''\/>\n                    <div class='gf_clear gf_clear_complex'><\/div>\n                <\/div><\/li><li id='field_21_6'  class='gfield gf_left_half gfield_contains_required field_sublabel_below field_description_above gfield_visibility_visible' ><label class='gfield_label' for='input_21_6' >PHONE<span class='gfield_required'>*<\/span><\/label><div class='ginput_container ginput_container_phone'><input name='input_6' id='input_21_6' type='tel' value='' class='medium'   aria-required=\"true\" aria-invalid=\"false\"  \/><\/div><\/li><li id='field_21_7'  class='gfield gf_right_half gfield_contains_required field_sublabel_below field_description_above gfield_visibility_visible' ><label class='gfield_label' for='input_21_7' >FAX<span class='gfield_required'>*<\/span><\/label><div class='ginput_container ginput_container_phone'><input name='input_7' id='input_21_7' type='tel' value='' class='medium'   aria-required=\"true\" aria-invalid=\"false\"  \/><\/div><\/li><li id='field_21_8'  class='gfield gfield_contains_required field_sublabel_below field_description_above gfield_visibility_visible' ><label class='gfield_label' for='input_21_8' >E-MAIL<span class='gfield_required'>*<\/span><\/label><div class='ginput_container ginput_container_email'>\n                            <input name='input_8' id='input_21_8' type='email' value='' class='medium'    aria-required=\"true\" aria-invalid=\"false\" \/>\n                        <\/div><\/li><li id='field_21_22'  class='gfield gfield_contains_required field_sublabel_below field_description_above gfield_visibility_visible' ><label class='gfield_label' for='input_21_22' >COUNTRY<span class='gfield_required'>*<\/span><\/label><div class='ginput_container ginput_container_email'>\n                            <input name='input_22' id='input_21_22' type='email' value='' class='medium'    aria-required=\"true\" aria-invalid=\"false\" \/>\n                        <\/div><\/li><li id='field_21_17'  class='gfield gfield_contains_required field_sublabel_below field_description_above gfield_visibility_visible' ><label class='gfield_label' for='input_21_17' >Serial number (last FRUEHAUF vehicle bought)<span class='gfield_required'>*<\/span><\/label><div class='ginput_container ginput_container_text'><input name='input_17' id='input_21_17' type='text' value='' class='medium'     aria-required=\"true\" aria-invalid=\"false\" \/><\/div><\/li><li id='field_21_18'  class='gfield gfield_contains_required field_sublabel_below field_description_above gfield_visibility_visible' ><label class='gfield_label' for='input_21_18' >Year of this purchase<span class='gfield_required'>*<\/span><\/label><div class='ginput_container ginput_container_text'><input name='input_18' id='input_21_18' type='text' value='' class='medium'     aria-required=\"true\" aria-invalid=\"false\" \/><\/div><\/li><li id='field_21_20'  class='gfield gfield_contains_required field_sublabel_below field_description_above gfield_visibility_visible' ><label class='gfield_label'  >Type of vehicle<span class='gfield_required'>*<\/span><\/label><div class='ginput_container ginput_container_checkbox'><ul class='gfield_checkbox' id='input_21_20'><li class='gchoice_21_20_1'>\n\t\t\t\t\t\t\t\t<input name='input_20.1' type='checkbox'  value='Curtainsider'  id='choice_21_20_1'   \/>\n\t\t\t\t\t\t\t\t<label for='choice_21_20_1' id='label_21_20_1'>Curtainsider<\/label>\n\t\t\t\t\t\t\t<\/li><li class='gchoice_21_20_2'>\n\t\t\t\t\t\t\t\t<input name='input_20.2' type='checkbox'  value='Van'  id='choice_21_20_2'   \/>\n\t\t\t\t\t\t\t\t<label for='choice_21_20_2' id='label_21_20_2'>Van<\/label>\n\t\t\t\t\t\t\t<\/li><li class='gchoice_21_20_3'>\n\t\t\t\t\t\t\t\t<input name='input_20.3' type='checkbox'  value='Platform'  id='choice_21_20_3'   \/>\n\t\t\t\t\t\t\t\t<label for='choice_21_20_3' id='label_21_20_3'>Platform<\/label>\n\t\t\t\t\t\t\t<\/li><li class='gchoice_21_20_4'>\n\t\t\t\t\t\t\t\t<input name='input_20.4' type='checkbox'  value='Container Chassis'  id='choice_21_20_4'   \/>\n\t\t\t\t\t\t\t\t<label for='choice_21_20_4' id='label_21_20_4'>Container Chassis<\/label>\n\t\t\t\t\t\t\t<\/li><li class='gchoice_21_20_5'>\n\t\t\t\t\t\t\t\t<input name='input_20.5' type='checkbox'  value='Tipper'  id='choice_21_20_5'   \/>\n\t\t\t\t\t\t\t\t<label for='choice_21_20_5' id='label_21_20_5'>Tipper<\/label>\n\t\t\t\t\t\t\t<\/li><\/ul><\/div><\/li><li id='field_21_19'  class='gfield gfield_contains_required field_sublabel_below field_description_above gfield_visibility_visible' ><label class='gfield_label' for='input_21_19' >Type de v\u00e9hicule<span class='gfield_required'>*<\/span><\/label><div class='ginput_container ginput_container_select'><select name='input_19' id='input_21_19' class='medium gfield_select'   aria-required=\"true\" aria-invalid=\"false\"><option value='' selected='selected' class='gf_placeholder'>Renseignez le type de v\u00e9hicule recherch\u00e9<\/option><option value='B\u00e2ch\u00e9s' >B\u00e2ch\u00e9s<\/option><option value='Fourgons' >Fourgons<\/option><option value='Plateaux' >Plateaux<\/option><option value='Portes conteneurs' >Portes conteneurs<\/option><option value='Bennes' >Bennes<\/option><\/select><\/div><\/li><li id='field_21_21'  class='gfield gfield_contains_required field_sublabel_below field_description_below gfield_visibility_visible' ><label class='gfield_label'  >Personal data<span class='gfield_required'>*<\/span><\/label><div class='ginput_container ginput_container_checkbox'><ul class='gfield_checkbox' id='input_21_21'><li class='gchoice_21_21_1'>\n\t\t\t\t\t\t\t\t<input name='input_21.1' type='checkbox'  value='I have read and accept terms of the privacy policy of this website.'  id='choice_21_21_1'   \/>\n\t\t\t\t\t\t\t\t<label for='choice_21_21_1' id='label_21_21_1'>I have read and accept terms of the privacy policy of this website.<\/label>\n\t\t\t\t\t\t\t<\/li><\/ul><\/div><div class='gfield_description' id='gfield_description_21_21'>By checking this box, you accept our conditions for the management of your personal data, <a href=\"http:\/\/www.fruehauf.com\/mentions-legales\/#perso\">available here<\/a> <\/div><\/li><li id='field_21_23'  class='gfield gform_validation_container field_sublabel_below field_description_above gfield_visibility_visible' ><label class='gfield_label' for='input_21_23' >Email<\/label><div class='gfield_description' id='gfield_description_21_23'>This field is for validation purposes and should be left unchanged.<\/div><div class='ginput_container'><input name='input_23' id='input_21_23' type='text' value='' autocomplete='off'\/><\/div><\/li>\n                            <\/ul><\/div>\n        <div class='gform_footer top_label'> <input type='submit' id='gform_submit_button_21' class='gform_button button' value='Send'  onclick='if(window[\"gf_submitting_21\"]){return false;}  if( !jQuery(\"#gform_21\")[0].checkValidity || jQuery(\"#gform_21\")[0].checkValidity()){window[\"gf_submitting_21\"]=true;}  ' onkeypress='if( event.keyCode == 13 ){ if(window[\"gf_submitting_21\"]){return false;} if( !jQuery(\"#gform_21\")[0].checkValidity || jQuery(\"#gform_21\")[0].checkValidity()){window[\"gf_submitting_21\"]=true;}  jQuery(\"#gform_21\").trigger(\"submit\",[true]); }' \/> \n            <input type='hidden' class='gform_hidden' name='is_submit_21' value='1' \/>\n            <input type='hidden' class='gform_hidden' name='gform_submit' value='21' \/>\n            \n            <input type='hidden' class='gform_hidden' name='gform_unique_id' value='' \/>\n            <input type='hidden' class='gform_hidden' name='state_21' value='WyJbXSIsImNkZjZkNmQ3MzU1YWMwZDNlMzNlNGUyN2JhNjk1NDkwIl0=' \/>\n            <input type='hidden' class='gform_hidden' name='gform_target_page_number_21' id='gform_target_page_number_21' value='0' \/>\n            <input type='hidden' class='gform_hidden' name='gform_source_page_number_21' id='gform_source_page_number_21' value='1' \/>\n            <input type='hidden' name='gform_field_values' value='' \/>\n            \n        <\/div>\n                        <p style=\"display: none !important;\" class=\"akismet-fields-container\" data-prefix=\"ak_\"><label>&#916;<textarea name=\"ak_hp_textarea\" cols=\"45\" rows=\"8\" maxlength=\"100\"><\/textarea><\/label><input type=\"hidden\" id=\"ak_js_1\" name=\"ak_js\" value=\"85\"\/><script>document.getElementById( \"ak_js_1\" ).setAttribute( \"value\", ( new Date() ).getTime() );<\/script><\/p><\/form>\n                        <\/div><script type='text\/javascript'> jQuery(document).bind('gform_post_render', function(event, formId, currentPage){if(formId == 21) {gf_global[\"number_formats\"][21] = {\"16\":{\"price\":false,\"value\":false},\"1\":{\"price\":false,\"value\":false},\"2\":{\"price\":false,\"value\":false},\"3\":{\"price\":false,\"value\":false},\"13\":{\"price\":false,\"value\":false},\"6\":{\"price\":false,\"value\":false},\"7\":{\"price\":false,\"value\":false},\"8\":{\"price\":false,\"value\":false},\"22\":{\"price\":false,\"value\":false},\"17\":{\"price\":false,\"value\":false},\"18\":{\"price\":false,\"value\":false},\"20\":{\"price\":false,\"value\":false},\"19\":{\"price\":false,\"value\":false},\"21\":{\"price\":false,\"value\":false},\"23\":{\"price\":false,\"value\":false}};if(window['jQuery']){if(!window['gf_form_conditional_logic'])window['gf_form_conditional_logic'] = new Array();window['gf_form_conditional_logic'][21] = { logic: { 17: {\"field\":{\"actionType\":\"show\",\"logicType\":\"all\",\"rules\":[{\"fieldId\":\"16\",\"operator\":\"is\",\"value\":\"Transporteur\"}]},\"nextButton\":null,\"section\":null},18: {\"field\":{\"actionType\":\"show\",\"logicType\":\"all\",\"rules\":[{\"fieldId\":\"16\",\"operator\":\"is\",\"value\":\"Transporteur\"}]},\"nextButton\":null,\"section\":null},19: {\"field\":{\"actionType\":\"show\",\"logicType\":\"all\",\"rules\":[{\"fieldId\":\"16\",\"operator\":\"is\",\"value\":\"Transporteur\"}]},\"nextButton\":null,\"section\":null} }, dependents: { 17: [17],18: [18],19: [19] }, animation: 0, defaults: {\"13\":{\"13.1\":\"\",\"13.2\":\"\",\"13.3\":\"\",\"13.4\":\"\",\"13.5\":\"\",\"13.6\":\"\"}}, fields: {\"16\":[17,18,19],\"1\":[],\"2\":[],\"3\":[],\"13\":[],\"6\":[],\"7\":[],\"8\":[],\"22\":[],\"17\":[],\"18\":[],\"20\":[],\"19\":[],\"21\":[],\"23\":[]} }; if(!window['gf_number_format'])window['gf_number_format'] = 'decimal_dot';jQuery(document).ready(function(){gf_apply_rules(21, [17,18,19], true);jQuery('#gform_wrapper_21').show();jQuery(document).trigger('gform_post_conditional_logic', [21, null, true]);} );} if(typeof Placeholders != 'undefined'){\n                        Placeholders.enable();\n                    }} } );jQuery(document).bind('gform_post_conditional_logic', function(event, formId, fields, isInit){} );<\/script><script type='text\/javascript'> jQuery(document).ready(function(){jQuery(document).trigger('gform_post_render', [21, 1]) } ); <\/script>\n<\/div><\/div><\/div><div class=\"fusion-layout-column fusion_builder_column fusion-builder-column-2 fusion_builder_column_1_6 1_6 fusion-flex-column\" style=\"--awb-bg-size:cover;--awb-width-large:16.666666666667%;--awb-margin-top-large:15px;--awb-spacing-right-large:11.52%;--awb-margin-bottom-large:15px;--awb-spacing-left-large:11.52%;--awb-width-medium:16.666666666667%;--awb-spacing-right-medium:11.52%;--awb-spacing-left-medium:11.52%;--awb-width-small:100%;--awb-spacing-right-small:1.92%;--awb-spacing-left-small:1.92%;\"><div class=\"fusion-column-wrapper fusion-flex-justify-content-flex-start fusion-content-layout-column\"><\/div><\/div><\/div><\/div><div class=\"fusion-fullwidth fullwidth-box fusion-builder-row-2 fusion-flex-container nonhundred-percent-fullwidth non-hundred-percent-height-scrolling\" style=\"--awb-border-radius-top-left:0px;--awb-border-radius-top-right:0px;--awb-border-radius-bottom-right:0px;--awb-border-radius-bottom-left:0px;--awb-flex-wrap:wrap;\" ><div class=\"fusion-builder-row fusion-row fusion-flex-align-items-flex-start fusion-flex-content-wrap\" style=\"max-width:calc( 1170px + 0px );margin-left: calc(-0px \/ 2 );margin-right: calc(-0px \/ 2 );\"><div class=\"fusion-layout-column fusion_builder_column fusion-builder-column-3 fusion_builder_column_1_1 1_1 fusion-flex-column\" style=\"--awb-bg-size:cover;--awb-width-large:100%;--awb-margin-top-large:0px;--awb-spacing-right-large:0px;--awb-margin-bottom-large:0px;--awb-spacing-left-large:0px;--awb-width-medium:100%;--awb-spacing-right-medium:0px;--awb-spacing-left-medium:0px;--awb-width-small:100%;--awb-spacing-right-small:0px;--awb-spacing-left-small:0px;\"><div class=\"fusion-column-wrapper fusion-flex-justify-content-flex-start fusion-content-layout-column\"><div class=\"fusion-text fusion-text-2\"><p>\u00a0<\/p>\n<\/div><\/div><\/div><\/div><\/div><\/p>\n","protected":false},"excerpt":{"rendered":"","protected":false},"author":9,"featured_media":0,"parent":0,"menu_order":0,"comment_status":"closed","ping_status":"closed","template":"","meta":{"footnotes":""},"class_list":["post-18682","page","type-page","status-publish","hentry"],"yoast_head":"<!-- This site is optimized with the Yoast SEO plugin v27.4 - https:\/\/yoast.com\/product\/yoast-seo-wordpress\/ -->\n<title>Service Pro Registration Request &#8211; FRUEHAUF &#8211; Con\u00e7u pour durer<\/title>\n<meta name=\"robots\" content=\"index, follow, max-snippet:-1, max-image-preview:large, max-video-preview:-1\" \/>\n<link rel=\"canonical\" href=\"https:\/\/www.fruehauf.com\/en\/service-pro-registration-request\/\" \/>\n<meta property=\"og:locale\" content=\"en_US\" \/>\n<meta property=\"og:type\" content=\"article\" \/>\n<meta property=\"og:title\" content=\"Service Pro Registration Request &#8211; FRUEHAUF &#8211; Con\u00e7u pour durer\" \/>\n<meta property=\"og:url\" content=\"https:\/\/www.fruehauf.com\/en\/service-pro-registration-request\/\" \/>\n<meta property=\"og:site_name\" content=\"FRUEHAUF\" \/>\n<meta property=\"article:modified_time\" content=\"2021-06-07T13:57:12+00:00\" \/>\n<meta name=\"twitter:card\" content=\"summary_large_image\" \/>\n<meta name=\"twitter:label1\" content=\"Est. reading time\" \/>\n\t<meta name=\"twitter:data1\" content=\"3 minutes\" \/>\n<script type=\"application\/ld+json\" class=\"yoast-schema-graph\">{\"@context\":\"https:\\\/\\\/schema.org\",\"@graph\":[{\"@type\":\"WebPage\",\"@id\":\"https:\\\/\\\/www.fruehauf.com\\\/en\\\/service-pro-registration-request\\\/\",\"url\":\"https:\\\/\\\/www.fruehauf.com\\\/en\\\/service-pro-registration-request\\\/\",\"name\":\"Service Pro Registration Request &#8211; FRUEHAUF &#8211; Con\u00e7u pour durer\",\"isPartOf\":{\"@id\":\"https:\\\/\\\/www.fruehauf.com\\\/en\\\/#website\"},\"datePublished\":\"2021-04-12T08:12:35+00:00\",\"dateModified\":\"2021-06-07T13:57:12+00:00\",\"breadcrumb\":{\"@id\":\"https:\\\/\\\/www.fruehauf.com\\\/en\\\/service-pro-registration-request\\\/#breadcrumb\"},\"inLanguage\":\"en-US\",\"potentialAction\":[{\"@type\":\"ReadAction\",\"target\":[\"https:\\\/\\\/www.fruehauf.com\\\/en\\\/service-pro-registration-request\\\/\"]}]},{\"@type\":\"BreadcrumbList\",\"@id\":\"https:\\\/\\\/www.fruehauf.com\\\/en\\\/service-pro-registration-request\\\/#breadcrumb\",\"itemListElement\":[{\"@type\":\"ListItem\",\"position\":1,\"name\":\"Accueil\",\"item\":\"https:\\\/\\\/www.fruehauf.com\\\/en\\\/\"},{\"@type\":\"ListItem\",\"position\":2,\"name\":\"Service Pro Registration Request\"}]},{\"@type\":\"WebSite\",\"@id\":\"https:\\\/\\\/www.fruehauf.com\\\/en\\\/#website\",\"url\":\"https:\\\/\\\/www.fruehauf.com\\\/en\\\/\",\"name\":\"FRUEHAUF\",\"description\":\"Con\u00e7u pour Durer\",\"publisher\":{\"@id\":\"https:\\\/\\\/www.fruehauf.com\\\/en\\\/#organization\"},\"potentialAction\":[{\"@type\":\"SearchAction\",\"target\":{\"@type\":\"EntryPoint\",\"urlTemplate\":\"https:\\\/\\\/www.fruehauf.com\\\/en\\\/?s={search_term_string}\"},\"query-input\":{\"@type\":\"PropertyValueSpecification\",\"valueRequired\":true,\"valueName\":\"search_term_string\"}}],\"inLanguage\":\"en-US\"},{\"@type\":\"Organization\",\"@id\":\"https:\\\/\\\/www.fruehauf.com\\\/en\\\/#organization\",\"name\":\"Fruehauf\",\"url\":\"https:\\\/\\\/www.fruehauf.com\\\/en\\\/\",\"logo\":{\"@type\":\"ImageObject\",\"inLanguage\":\"en-US\",\"@id\":\"https:\\\/\\\/www.fruehauf.com\\\/en\\\/#\\\/schema\\\/logo\\\/image\\\/\",\"url\":\"https:\\\/\\\/www.fruehauf.com\\\/wp-content\\\/uploads\\\/2017\\\/05\\\/FRUEHAUF-logo-sticky-header.png\",\"contentUrl\":\"https:\\\/\\\/www.fruehauf.com\\\/wp-content\\\/uploads\\\/2017\\\/05\\\/FRUEHAUF-logo-sticky-header.png\",\"width\":104,\"height\":35,\"caption\":\"Fruehauf\"},\"image\":{\"@id\":\"https:\\\/\\\/www.fruehauf.com\\\/en\\\/#\\\/schema\\\/logo\\\/image\\\/\"},\"sameAs\":[\"https:\\\/\\\/www.linkedin.com\\\/company\\\/fruehauf-sas\"]}]}<\/script>\n<!-- \/ Yoast SEO plugin. -->","yoast_head_json":{"title":"Service Pro Registration Request &#8211; FRUEHAUF &#8211; Con\u00e7u pour durer","robots":{"index":"index","follow":"follow","max-snippet":"max-snippet:-1","max-image-preview":"max-image-preview:large","max-video-preview":"max-video-preview:-1"},"canonical":"https:\/\/www.fruehauf.com\/en\/service-pro-registration-request\/","og_locale":"en_US","og_type":"article","og_title":"Service Pro Registration Request &#8211; FRUEHAUF &#8211; Con\u00e7u pour durer","og_url":"https:\/\/www.fruehauf.com\/en\/service-pro-registration-request\/","og_site_name":"FRUEHAUF","article_modified_time":"2021-06-07T13:57:12+00:00","twitter_card":"summary_large_image","twitter_misc":{"Est. reading time":"3 minutes"},"schema":{"@context":"https:\/\/schema.org","@graph":[{"@type":"WebPage","@id":"https:\/\/www.fruehauf.com\/en\/service-pro-registration-request\/","url":"https:\/\/www.fruehauf.com\/en\/service-pro-registration-request\/","name":"Service Pro Registration Request &#8211; FRUEHAUF &#8211; Con\u00e7u pour durer","isPartOf":{"@id":"https:\/\/www.fruehauf.com\/en\/#website"},"datePublished":"2021-04-12T08:12:35+00:00","dateModified":"2021-06-07T13:57:12+00:00","breadcrumb":{"@id":"https:\/\/www.fruehauf.com\/en\/service-pro-registration-request\/#breadcrumb"},"inLanguage":"en-US","potentialAction":[{"@type":"ReadAction","target":["https:\/\/www.fruehauf.com\/en\/service-pro-registration-request\/"]}]},{"@type":"BreadcrumbList","@id":"https:\/\/www.fruehauf.com\/en\/service-pro-registration-request\/#breadcrumb","itemListElement":[{"@type":"ListItem","position":1,"name":"Accueil","item":"https:\/\/www.fruehauf.com\/en\/"},{"@type":"ListItem","position":2,"name":"Service Pro Registration Request"}]},{"@type":"WebSite","@id":"https:\/\/www.fruehauf.com\/en\/#website","url":"https:\/\/www.fruehauf.com\/en\/","name":"FRUEHAUF","description":"Con\u00e7u pour Durer","publisher":{"@id":"https:\/\/www.fruehauf.com\/en\/#organization"},"potentialAction":[{"@type":"SearchAction","target":{"@type":"EntryPoint","urlTemplate":"https:\/\/www.fruehauf.com\/en\/?s={search_term_string}"},"query-input":{"@type":"PropertyValueSpecification","valueRequired":true,"valueName":"search_term_string"}}],"inLanguage":"en-US"},{"@type":"Organization","@id":"https:\/\/www.fruehauf.com\/en\/#organization","name":"Fruehauf","url":"https:\/\/www.fruehauf.com\/en\/","logo":{"@type":"ImageObject","inLanguage":"en-US","@id":"https:\/\/www.fruehauf.com\/en\/#\/schema\/logo\/image\/","url":"https:\/\/www.fruehauf.com\/wp-content\/uploads\/2017\/05\/FRUEHAUF-logo-sticky-header.png","contentUrl":"https:\/\/www.fruehauf.com\/wp-content\/uploads\/2017\/05\/FRUEHAUF-logo-sticky-header.png","width":104,"height":35,"caption":"Fruehauf"},"image":{"@id":"https:\/\/www.fruehauf.com\/en\/#\/schema\/logo\/image\/"},"sameAs":["https:\/\/www.linkedin.com\/company\/fruehauf-sas"]}]}},"_links":{"self":[{"href":"https:\/\/www.fruehauf.com\/en\/wp-json\/wp\/v2\/pages\/18682","targetHints":{"allow":["GET"]}}],"collection":[{"href":"https:\/\/www.fruehauf.com\/en\/wp-json\/wp\/v2\/pages"}],"about":[{"href":"https:\/\/www.fruehauf.com\/en\/wp-json\/wp\/v2\/types\/page"}],"author":[{"embeddable":true,"href":"https:\/\/www.fruehauf.com\/en\/wp-json\/wp\/v2\/users\/9"}],"replies":[{"embeddable":true,"href":"https:\/\/www.fruehauf.com\/en\/wp-json\/wp\/v2\/comments?post=18682"}],"version-history":[{"count":0,"href":"https:\/\/www.fruehauf.com\/en\/wp-json\/wp\/v2\/pages\/18682\/revisions"}],"wp:attachment":[{"href":"https:\/\/www.fruehauf.com\/en\/wp-json\/wp\/v2\/media?parent=18682"}],"curies":[{"name":"wp","href":"https:\/\/api.w.org\/{rel}","templated":true}]}}